{"id":147,"date":"2022-06-04T10:25:49","date_gmt":"2022-06-04T15:25:49","guid":{"rendered":"https:\/\/radiomiaboyaca.com\/?page_id=147"},"modified":"2022-06-04T10:52:09","modified_gmt":"2022-06-04T15:52:09","slug":"nosotros","status":"publish","type":"page","link":"https:\/\/radiomiaboyaca.com\/index.php\/nosotros\/","title":{"rendered":"Nosotros"},"content":{"rendered":"\n<p>Ruta de campeones es una empresa en b\u00fasqueda de acercar la realidad del deporte desde el entorno de todos los conceptos y pensamientos para darle el verdadero sentido a trav\u00e9s del esfuerzo y preparaci\u00f3n de hombres, mujeres y j\u00f3venes, para asumirlo como la mejor opci\u00f3n de vida dentro de su existir, y supervivencia, con el cubrimiento e informaci\u00f3n oportuna \u00e1gil y veraz de todos los resultados y logros de nuestros deportistas, que nos engrandecen con sus&nbsp;&nbsp;&nbsp; objetivos y triunfos. Basados en la disciplina coraje y amor por hacer las cosas cada d\u00eda mejor, estamos seguros que con nuestros m\u00e1s de 20 a\u00f1os de trabajo en bien del deporte y con \u00e9nfasis en el ciclismo, donde vimos nacer figuras de la \u00e9poca de Cochice, Plinio Casas, Arturo Matamoros, Marco Emilio Larrotta, Humberto Parra Padre Del Legendario Fabio Enrique Parra Pinto Tercero En El Tour De Francia De 1988, El Ni\u00f1o De Cucaita Rafael Antonio Ni\u00f1o Munevar, Alfonso Florez Ortiz, Irrael El Pinocho Corredor, Patrocinio Jimenez ,Pacho Rodriguez, , Luis Alberto Herrera \u201cEl Jardinerito De Fusagasuga\u201d,Rafael Acevedo Porras, Samuel Cabrera, Nelson \u201cCacaito\u201d Rodriguez, Pablo Wilches,&nbsp; Israel \u201cEl Rapido\u201d Ochoa, Pedro Saul Morales, Alberto&nbsp; \u201cEl Toro\u201d Camargo,Nestor Mora, Henry \u201cEl Cebollita\u201d Cardena, Alvaro Sierra Pe\u00f1a,Oliverio Rincon Quintana, Alvaro Mejia Castrillon, Jose Chepe Gonzalez Pico, Oscar De J Vargas, Raul Monta\u00f1a, Libardo Ni\u00f1o Corredor, Victor Becerra, Jair Humberto Bernal Sepulveda, Felix Cardenas, Mauricio Neisa Alvarado, \u201cEl Lancero\u201d Juan Mauricio Soler Hernandez,&nbsp; Oscar Sevilla, Alex Cano,Heiner Parra Y Las Nuevas Estrellas Del Ciclismo Iniciando Por El Mas Banagloriado De La Historia Ciclistica De Latino America Y El Mundo; Nairo Alexander Quintana Rojas, Seguido Por&nbsp; Rigoberto Uran,Esteban Chavez Rubio, Y El Mas Grande Embalador De La Ceja Antioquia Fernando Gaviria,&nbsp; Darwin Atapuma, Jarlison Pantano, Rodolfo Torres Agudelo,&nbsp; Y El Futuro Esta Dicho En Este 2020 Con Egan Arley Bernal, Daniel Felipe Martinez, Sergio Higuita, Einer Rubio Reyes, Juan Diego Alba Bolivar, Diego Andres Camargo Pineda, Harold Tejada, Santiago Umba, Rafael Pineda, y seguiremos escribiendo las p\u00e1ginas de una historia llena de alegr\u00eda y felicidad para la familia cicl\u00edstica de nuestra bella patria y continente, sin dejar atr\u00e1s el ciclismo de pista, mountain bike, bmx,&nbsp; paracycling, downhill, y de m\u00e1s disciplinas.<\/p>\n\n\n<figure class=\"wp-block-post-featured-image\"><img width=\"474\" height=\"406\" src=\"https:\/\/radiomiaboyaca.com\/wp-content\/uploads\/2022\/06\/logo-largo-1.png\" class=\"attachment-post-thumbnail size-post-thumbnail wp-post-image\" alt=\"Nosotros\" loading=\"lazy\" srcset=\"https:\/\/radiomiaboyaca.com\/wp-content\/uploads\/2022\/06\/logo-largo-1.png 474w, https:\/\/radiomiaboyaca.com\/wp-content\/uploads\/2022\/06\/logo-largo-1-300x257.png 300w\" sizes=\"(max-width: 474px) 100vw, 474px\" \/><\/figure>\n\n\n<h2><\/h2>\n<div class=\"pvc_clear\"><\/div><p id=\"pvc_stats_147\" class=\"pvc_stats all  \" data-element-id=\"147\" style=\"\"><i class=\"pvc-stats-icon medium\" aria-hidden=\"true\"><svg aria-hidden=\"true\" focusable=\"false\" data-prefix=\"far\" data-icon=\"chart-bar\" role=\"img\" xmlns=\"http:\/\/www.w3.org\/2000\/svg\" viewBox=\"0 0 512 512\" class=\"svg-inline--fa fa-chart-bar fa-w-16 fa-2x\"><path fill=\"currentColor\" d=\"M396.8 352h22.4c6.4 0 12.8-6.4 12.8-12.8V108.8c0-6.4-6.4-12.8-12.8-12.8h-22.4c-6.4 0-12.8 6.4-12.8 12.8v230.4c0 6.4 6.4 12.8 12.8 12.8zm-192 0h22.4c6.4 0 12.8-6.4 12.8-12.8V140.8c0-6.4-6.4-12.8-12.8-12.8h-22.4c-6.4 0-12.8 6.4-12.8 12.8v198.4c0 6.4 6.4 12.8 12.8 12.8zm96 0h22.4c6.4 0 12.8-6.4 12.8-12.8V204.8c0-6.4-6.4-12.8-12.8-12.8h-22.4c-6.4 0-12.8 6.4-12.8 12.8v134.4c0 6.4 6.4 12.8 12.8 12.8zM496 400H48V80c0-8.84-7.16-16-16-16H16C7.16 64 0 71.16 0 80v336c0 17.67 14.33 32 32 32h464c8.84 0 16-7.16 16-16v-16c0-8.84-7.16-16-16-16zm-387.2-48h22.4c6.4 0 12.8-6.4 12.8-12.8v-70.4c0-6.4-6.4-12.8-12.8-12.8h-22.4c-6.4 0-12.8 6.4-12.8 12.8v70.4c0 6.4 6.4 12.8 12.8 12.8z\" class=\"\"><\/path><\/svg><\/i> <img loading=\"lazy\" width=\"16\" height=\"16\" alt=\"Loading\" src=\"https:\/\/radiomiaboyaca.com\/wp-content\/plugins\/page-views-count\/ajax-loader-2x.gif\" border=0 \/><\/p><div class=\"pvc_clear\"><\/div>","protected":false},"excerpt":{"rendered":"<p>Ruta de campeones es una empresa en b\u00fasqueda de acercar la realidad del deporte desde el entorno de todos los conceptos y pensamientos para darle el verdadero sentido a trav\u00e9s&hellip; <\/p>\n<div class=\"pvc_clear\"><\/div>\n<p id=\"pvc_stats_147\" class=\"pvc_stats all  \" data-element-id=\"147\" style=\"\"><i class=\"pvc-stats-icon medium\" aria-hidden=\"true\"><svg aria-hidden=\"true\" focusable=\"false\" data-prefix=\"far\" data-icon=\"chart-bar\" role=\"img\" xmlns=\"http:\/\/www.w3.org\/2000\/svg\" viewBox=\"0 0 512 512\" class=\"svg-inline--fa fa-chart-bar fa-w-16 fa-2x\"><path fill=\"currentColor\" d=\"M396.8 352h22.4c6.4 0 12.8-6.4 12.8-12.8V108.8c0-6.4-6.4-12.8-12.8-12.8h-22.4c-6.4 0-12.8 6.4-12.8 12.8v230.4c0 6.4 6.4 12.8 12.8 12.8zm-192 0h22.4c6.4 0 12.8-6.4 12.8-12.8V140.8c0-6.4-6.4-12.8-12.8-12.8h-22.4c-6.4 0-12.8 6.4-12.8 12.8v198.4c0 6.4 6.4 12.8 12.8 12.8zm96 0h22.4c6.4 0 12.8-6.4 12.8-12.8V204.8c0-6.4-6.4-12.8-12.8-12.8h-22.4c-6.4 0-12.8 6.4-12.8 12.8v134.4c0 6.4 6.4 12.8 12.8 12.8zM496 400H48V80c0-8.84-7.16-16-16-16H16C7.16 64 0 71.16 0 80v336c0 17.67 14.33 32 32 32h464c8.84 0 16-7.16 16-16v-16c0-8.84-7.16-16-16-16zm-387.2-48h22.4c6.4 0 12.8-6.4 12.8-12.8v-70.4c0-6.4-6.4-12.8-12.8-12.8h-22.4c-6.4 0-12.8 6.4-12.8 12.8v70.4c0 6.4 6.4 12.8 12.8 12.8z\" class=\"\"><\/path><\/svg><\/i> <img loading=\"lazy\" width=\"16\" height=\"16\" alt=\"Loading\" src=\"https:\/\/radiomiaboyaca.com\/wp-content\/plugins\/page-views-count\/ajax-loader-2x.gif\" border=0 \/><\/p>\n<div class=\"pvc_clear\"><\/div>\n","protected":false},"author":1,"featured_media":54,"parent":0,"menu_order":0,"comment_status":"closed","ping_status":"closed","template":"","meta":{"om_disable_all_campaigns":false,"_monsterinsights_skip_tracking":false,"_monsterinsights_sitenote_active":false,"_monsterinsights_sitenote_note":"","_monsterinsights_sitenote_category":0},"_links":{"self":[{"href":"https:\/\/radiomiaboyaca.com\/index.php\/wp-json\/wp\/v2\/pages\/147"}],"collection":[{"href":"https:\/\/radiomiaboyaca.com\/index.php\/wp-json\/wp\/v2\/pages"}],"about":[{"href":"https:\/\/radiomiaboyaca.com\/index.php\/wp-json\/wp\/v2\/types\/page"}],"author":[{"embeddable":true,"href":"https:\/\/radiomiaboyaca.com\/index.php\/wp-json\/wp\/v2\/users\/1"}],"replies":[{"embeddable":true,"href":"https:\/\/radiomiaboyaca.com\/index.php\/wp-json\/wp\/v2\/comments?post=147"}],"version-history":[{"count":2,"href":"https:\/\/radiomiaboyaca.com\/index.php\/wp-json\/wp\/v2\/pages\/147\/revisions"}],"predecessor-version":[{"id":167,"href":"https:\/\/radiomiaboyaca.com\/index.php\/wp-json\/wp\/v2\/pages\/147\/revisions\/167"}],"wp:featuredmedia":[{"embeddable":true,"href":"https:\/\/radiomiaboyaca.com\/index.php\/wp-json\/wp\/v2\/media\/54"}],"wp:attachment":[{"href":"https:\/\/radiomiaboyaca.com\/index.php\/wp-json\/wp\/v2\/media?parent=147"}],"curies":[{"name":"wp","href":"https:\/\/api.w.org\/{rel}","templated":true}]}}